{"id":486,"date":"2020-04-06T15:44:48","date_gmt":"2020-04-06T13:44:48","guid":{"rendered":"https:\/\/smartgamification.com\/?page_id=486"},"modified":"2020-04-07T18:29:08","modified_gmt":"2020-04-07T16:29:08","slug":"guida-allinstallazione-app-android","status":"publish","type":"page","link":"https:\/\/smartgamification.com\/it\/guida-allinstallazione-app-android\/","title":{"rendered":"Guida all&#8217;installazione app Android"},"content":{"rendered":"<div class=\"wpb-content-wrapper\"><p>[vc_row css_animation=&#8221;&#8221; row_type=&#8221;row&#8221; use_row_as_full_screen_section=&#8221;no&#8221; type=&#8221;grid&#8221; angled_section=&#8221;no&#8221; text_align=&#8221;center&#8221; background_image_as_pattern=&#8221;without_pattern&#8221; css=&#8221;.vc_custom_1586165736117{padding-top: 70px !important;padding-bottom: 64px !important;}&#8221; z_index=&#8221;&#8221;][vc_column][vc_column_text]<\/p>\n<h2>Installazione su sistemi Android<\/h2>\n<p>[\/vc_column_text][qode_elements_holder number_of_columns=&#8221;one_column&#8221;][qode_elements_holder_item advanced_animations=&#8221;no&#8221; item_padding=&#8221;19px 20% 0px&#8221; item_padding_1280_1440=&#8221;19px 20% 0px&#8221; item_padding_1024_1280=&#8221;19px 20% 0px&#8221; item_padding_768_1024=&#8221;19px 15% 0px&#8221; item_padding_600_768=&#8221;19px 0% 0px&#8221; item_padding_480_600=&#8221;19px 0% 0px&#8221; item_padding_480=&#8221;19px 0% 0px&#8221;][vc_column_text]Di seguito i passi da eseguire dopo aver cliccato sull&#8217;icona di installazione per Android[\/vc_column_text][\/qode_elements_holder_item][\/qode_elements_holder][qode_elements_holder number_of_columns=&#8221;one_column&#8221;][qode_elements_holder_item advanced_animations=&#8221;no&#8221; item_padding=&#8221;19px 20% 0px&#8221; item_padding_1280_1440=&#8221;19px 20% 0px&#8221; item_padding_1024_1280=&#8221;19px 20% 0px&#8221; item_padding_768_1024=&#8221;19px 15% 0px&#8221; item_padding_600_768=&#8221;19px 0% 0px&#8221; item_padding_480_600=&#8221;19px 0% 0px&#8221; item_padding_480=&#8221;19px 0% 0px&#8221;][vc_column_text]Scarica subito l&#8217;app dal PlayStore di Google[\/vc_column_text][vc_single_image image=&#8221;267&#8243; img_size=&#8221;full&#8221; alignment=&#8221;center&#8221; onclick=&#8221;custom_link&#8221; img_link_target=&#8221;_blank&#8221; qode_css_animation=&#8221;&#8221; link=&#8221;https:\/\/play.google.com\/store\/apps\/details?id=com.sfy.moove&#8221;][\/qode_elements_holder_item][\/qode_elements_holder][\/vc_column][\/vc_row][vc_row css_animation=&#8221;&#8221; row_type=&#8221;row&#8221; use_row_as_full_screen_section=&#8221;no&#8221; type=&#8221;grid&#8221; angled_section=&#8221;no&#8221; text_align=&#8221;left&#8221; background_image_as_pattern=&#8221;without_pattern&#8221; z_index=&#8221;&#8221;][vc_column offset=&#8221;vc_col-lg-12 vc_col-md-12&#8243;][vc_column_text]<\/p>\n<p style=\"text-align: center;\">Subito dopo aver scaricato l&#8217;app dal Play Store di Google ricordate di consentire all&#8217;app di accedere al vostro dispositivo. Come rappresentato in figura.<\/p>\n<p>[\/vc_column_text][vc_empty_space height=&#8221;40px&#8221;][vc_row_inner row_type=&#8221;row&#8221; type=&#8221;full_width&#8221; text_align=&#8221;left&#8221; css_animation=&#8221;&#8221;][vc_column_inner width=&#8221;1\/4&#8243;][vc_single_image image=&#8221;487&#8243; img_size=&#8221;full&#8221; alignment=&#8221;center&#8221; qode_css_animation=&#8221;&#8221;][\/vc_column_inner][vc_column_inner width=&#8221;1\/4&#8243;][vc_single_image image=&#8221;488&#8243; img_size=&#8221;full&#8221; alignment=&#8221;center&#8221; qode_css_animation=&#8221;&#8221;][\/vc_column_inner][vc_column_inner width=&#8221;1\/4&#8243;][vc_single_image image=&#8221;489&#8243; img_size=&#8221;full&#8221; alignment=&#8221;center&#8221; qode_css_animation=&#8221;&#8221;][\/vc_column_inner][vc_column_inner width=&#8221;1\/4&#8243;][vc_single_image image=&#8221;490&#8243; img_size=&#8221;full&#8221; alignment=&#8221;center&#8221; qode_css_animation=&#8221;&#8221;][\/vc_column_inner][\/vc_row_inner][vc_empty_space height=&#8221;40px&#8221;][\/vc_column][\/vc_row][vc_row css_animation=&#8221;&#8221; row_type=&#8221;row&#8221; use_row_as_full_screen_section=&#8221;no&#8221; type=&#8221;grid&#8221; angled_section=&#8221;no&#8221; text_align=&#8221;center&#8221; background_image_as_pattern=&#8221;without_pattern&#8221; css=&#8221;.vc_custom_1510053092898{padding-top: 104px !important;padding-bottom: 70px !important;}&#8221;][vc_column][qode_elements_holder number_of_columns=&#8221;one_column&#8221;][qode_elements_holder_item advanced_animations=&#8221;no&#8221; item_padding=&#8221;0px 16% 20px&#8221; item_padding_1280_1440=&#8221;19px 10% 20px&#8221; item_padding_1024_1280=&#8221;19px 10% 20px&#8221; item_padding_768_1024=&#8221;19px 10% 20px&#8221; item_padding_600_768=&#8221;19px 0% 20px&#8221; item_padding_480_600=&#8221;19px 0% 20px&#8221; item_padding_480=&#8221;19px 0% 20px&#8221;][vc_column_text]<\/p>\n<h3 style=\"font-size: 48px; line-height: 68px;\">Hai domande? Non esitare <span style=\"border-bottom: 2px solid #323a45;\">contattaci<\/span> per informazioni<\/h3>\n<p>[\/vc_column_text][\/qode_elements_holder_item][\/qode_elements_holder][vc_column_text]Scrivi se hai bisogno di un aiuto oppure se vuoi creare un game personalizzato[\/vc_column_text][\/vc_column][\/vc_row][vc_row css_animation=&#8221;&#8221; row_type=&#8221;row&#8221; use_row_as_full_screen_section=&#8221;no&#8221; type=&#8221;grid&#8221; angled_section=&#8221;no&#8221; text_align=&#8221;center&#8221; background_image_as_pattern=&#8221;without_pattern&#8221; css=&#8221;.vc_custom_1585501949658{padding-top: 120px !important;background-image: url(https:\/\/smartgamification.com\/webapp\/wp-content\/uploads\/2020\/04\/home-background-img.jpg) !important;background-position: center !important;background-repeat: no-repeat !important;background-size: cover !important;}&#8221; z_index=&#8221;&#8221;][vc_column width=&#8221;1\/6&#8243;][\/vc_column][vc_column offset=&#8221;vc_col-lg-8 vc_col-md-8&#8243;][vc_row_inner row_type=&#8221;row&#8221; type=&#8221;full_width&#8221; text_align=&#8221;center&#8221; css_animation=&#8221;&#8221; css=&#8221;.vc_custom_1510563333144{padding-bottom: 30px !important;}&#8221;][vc_column_inner offset=&#8221;vc_hidden-xs&#8221;][vc_column_text]<\/p>\n<h3><span style=\"color: #ffffff; font-size: 34px;\">Partecipa anche tu allo Smart Workers <span style=\"text-decoration: underline;\"><b>Hunted ?<\/b><\/span><\/span><\/h3>\n<p>[\/vc_column_text][vc_empty_space height=&#8221;16px&#8221;][vc_column_text]<span style=\"color: #ffffff;\">Scrivi sotto la tua email e sarai contattato senza impegno !<\/span>[\/vc_column_text][\/vc_column_inner][\/vc_row_inner][vc_row_inner row_type=&#8221;row&#8221; type=&#8221;full_width&#8221; text_align=&#8221;center&#8221; css_animation=&#8221;&#8221; css=&#8221;.vc_custom_1510563333144{padding-bottom: 30px !important;}&#8221;][vc_column_inner offset=&#8221;vc_hidden-lg vc_hidden-md vc_hidden-sm&#8221;][vc_column_text]<\/p>\n<h3><span style=\"color: #ffffff; font-size: 29px;\">Partecipa anche tu allo Smart Workers <span style=\"text-decoration: underline;\"><b>Hunted ?<\/b><\/span><\/span><\/h3>\n<p>[\/vc_column_text][vc_empty_space height=&#8221;16px&#8221;][vc_column_text]<span style=\"color: #ffffff;\">Scrivi sotto la tua email e sarai contattato senza impegno !<\/span>[\/vc_column_text][\/vc_column_inner][\/vc_row_inner][vc_row_inner row_type=&#8221;row&#8221; type=&#8221;full_width&#8221; text_align=&#8221;left&#8221; css_animation=&#8221;&#8221; padding_top=&#8221;17&#8243; padding_bottom=&#8221;14&#8243; css=&#8221;.vc_custom_1584803101499{background-color: #ffffff !important;}&#8221; el_class=&#8221;newsletter-form&#8221; anchor=&#8221;reqinfo&#8221;][vc_column_inner]\n<div class=\"wpcf7 no-js\" id=\"wpcf7-f216-o1\" lang=\"it-IT\" dir=\"ltr\" data-wpcf7-id=\"216\">\n<div class=\"screen-reader-response\"><p role=\"status\" aria-live=\"polite\" aria-atomic=\"true\"><\/p> <ul><\/ul><\/div>\n<form action=\"\/it\/wp-json\/wp\/v2\/pages\/486#wpcf7-f216-o1\" method=\"post\" class=\"wpcf7-form init cf7_custom_style_2\" aria-label=\"Modulo di contatto\" novalidate=\"novalidate\" data-status=\"init\">\n<div style=\"display: none;\">\n<input type=\"hidden\" name=\"_wpcf7\" value=\"216\" \/>\n<input type=\"hidden\" name=\"_wpcf7_version\" value=\"6.0\" \/>\n<input type=\"hidden\" name=\"_wpcf7_locale\" value=\"it_IT\" \/>\n<input type=\"hidden\" name=\"_wpcf7_unit_tag\" value=\"wpcf7-f216-o1\" \/>\n<input type=\"hidden\" name=\"_wpcf7_container_post\" value=\"0\" \/>\n<input type=\"hidden\" name=\"_wpcf7_posted_data_hash\" value=\"\" \/>\n<input type=\"hidden\" name=\"_wpcf7_recaptcha_response\" value=\"\" \/>\n<\/div>\n<div class=\"two_columns_form_with_space\">\n\t<div class=\"column_left\">\n\t\t<p><span class=\"wpcf7-form-control-wrap\" data-name=\"your-name\"><input size=\"40\" maxlength=\"400\" class=\"wpcf7-form-control wpcf7-text wpcf7-validates-as-required\" aria-required=\"true\" aria-invalid=\"false\" placeholder=\"Inserisci il tuo indirizzo email ...\" value=\"\" type=\"text\" name=\"your-name\" \/><\/span>\n\t\t<\/p>\n\t<\/div>\n\t<div class=\"column_right\">\n\t\t<p><input class=\"wpcf7-form-control wpcf7-submit has-spinner\" type=\"submit\" value=\"Invia\" \/>\n\t\t<\/p>\n\t<\/div>\n<\/div>\n<p style=\"font-size:11px\">Ai sensi del decreto legislativo 196\/2003 Codice in materia di protezione dei dati personali il trattamento dei dati che La riguardano sar\u00e0 improntato ai principi di liceit\u00e0 e correttezza e di tutela della Sua riservatezza e dei Suoi diritti. Il Titolare del loro trattamento \u00e8 2goLIVE Srl che ha sede legale in Milano, via Sardegna, 30. Per richiedere la rimozione dei vostri dati scrivere una mail all'indirizzo <a href=\"info@2golive.it\"><strong>info@2golive.it<\/strong><\/a> con oggetto Cancellami.\n<\/p>\n<p><span class=\"wpcf7-form-control-wrap\" data-name=\"acceptance-648\"><span class=\"wpcf7-form-control wpcf7-acceptance\"><span class=\"wpcf7-list-item\"><input type=\"checkbox\" name=\"acceptance-648\" value=\"1\" aria-invalid=\"false\" \/><\/span><\/span><\/span> Si, accetto\n<\/p>\n<div class=\"wpcf7-response-output\" aria-hidden=\"true\"><\/div>\n<\/form>\n<\/div>\n[\/vc_column_inner][\/vc_row_inner][vc_row_inner row_type=&#8221;row&#8221; type=&#8221;full_width&#8221; text_align=&#8221;center&#8221; css_animation=&#8221;&#8221; css=&#8221;.vc_custom_1585502046027{padding-top: 90px !important;}&#8221;][vc_column_inner][vc_empty_space height=&#8221;30px&#8221;][vc_column_text]<\/p>\n<p style=\"text-align: center;\"><span style=\"margin-top: 30px; font-size: 16px; color: #ffffff;\">\u00a9 Copyright 2020 <a style=\"color: #ffffff;\" href=\"https:\/\/smartgamification.com\/\" target=\"_blank\" rel=\"nofollow noopener noreferrer\">#SmartGamification.<\/a> \u00e8 un marchio di 2goLIVE Srl<\/span><\/p>\n<p>[\/vc_column_text][vc_empty_space height=&#8221;40px&#8221;][\/vc_column_inner][\/vc_row_inner][vc_row_inner row_type=&#8221;row&#8221; type=&#8221;full_width&#8221; text_align=&#8221;center&#8221; css_animation=&#8221;&#8221; css=&#8221;.vc_custom_1585502046027{padding-top: 90px !important;}&#8221;][vc_column_inner offset=&#8221;vc_hidden-lg vc_hidden-md vc_hidden-sm vc_hidden-xs&#8221;]<span class='q_social_icon_holder normal_social' data-color=#ffffff ><a itemprop='url' href='https:\/\/www.facebook.com\/' target='_blank'><i class=\"qode_icon_font_awesome fa fa-facebook  simple_social\" style=\"color: #ffffff;margin: 0px 3px 0px 0px;font-size: 16px;\" ><\/i><\/a><\/span><span class='q_social_icon_holder normal_social' data-color=#ffffff ><a itemprop='url' href='https:\/\/www.instagram.com\/' target='_blank'><i class=\"qode_icon_font_awesome fa fa-instagram  simple_social\" style=\"color: #ffffff;margin: 0px 4px 0px 0px;font-size: 16px;\" ><\/i><\/a><\/span><span class='q_social_icon_holder normal_social' data-color=#ffffff ><a itemprop='url' href='https:\/\/www.twitter.com\/' target='_blank'><i class=\"qode_icon_font_awesome fa fa-twitter  simple_social\" style=\"color: #ffffff;margin: 0px 2px 0px 0px;font-size: 16px;\" ><\/i><\/a><\/span>[vc_empty_space height=&#8221;30px&#8221;][vc_column_text]<\/p>\n<p style=\"text-align: center;\"><span style=\"margin-top: 30px; font-size: 16px; color: #ffffff;\">\u00a9 Copyright 2020 <a style=\"color: #ffffff;\" href=\"https:\/\/smartgamification.com\/\" target=\"_blank\" rel=\"nofollow noopener noreferrer\">#SmartGamification.<\/a> \u00e8 un marchio di 2goLIVE Srl<\/span><\/p>\n<p>[\/vc_column_text][vc_empty_space height=&#8221;40px&#8221;][\/vc_column_inner][\/vc_row_inner][\/vc_column][vc_column width=&#8221;1\/6&#8243;][\/vc_column][\/vc_row]<\/p>\n<\/div>","protected":false},"excerpt":{"rendered":"<p>[vc_row css_animation=&#8221;&#8221; row_type=&#8221;row&#8221; use_row_as_full_screen_section=&#8221;no&#8221; type=&#8221;grid&#8221; angled_section=&#8221;no&#8221; text_align=&#8221;center&#8221; background_image_as_pattern=&#8221;without_pattern&#8221; css=&#8221;.vc_custom_1586165736117{padding-top: 70px !important;padding-bottom: 64px !important;}&#8221; z_index=&#8221;&#8221;][vc_column][vc_column_text] Installazione su sistemi Android [\/vc_column_text][qode_elements_holder number_of_columns=&#8221;one_column&#8221;][qode_elements_holder_item advanced_animations=&#8221;no&#8221; item_padding=&#8221;19px 20% 0px&#8221; item_padding_1280_1440=&#8221;19px 20% 0px&#8221; item_padding_1024_1280=&#8221;19px 20% 0px&#8221; item_padding_768_1024=&#8221;19px 15% 0px&#8221; item_padding_600_768=&#8221;19px 0% 0px&#8221; item_padding_480_600=&#8221;19px 0% 0px&#8221; item_padding_480=&#8221;19px 0% 0px&#8221;][vc_column_text]Di seguito i passi&#8230;<\/p>\n","protected":false},"author":1,"featured_media":0,"parent":0,"menu_order":0,"comment_status":"closed","ping_status":"closed","template":"full_width.php","meta":{"footnotes":""},"class_list":["post-486","page","type-page","status-publish","hentry"],"aioseo_notices":[],"_links":{"self":[{"href":"https:\/\/smartgamification.com\/it\/wp-json\/wp\/v2\/pages\/486","targetHints":{"allow":["GET"]}}],"collection":[{"href":"https:\/\/smartgamification.com\/it\/wp-json\/wp\/v2\/pages"}],"about":[{"href":"https:\/\/smartgamification.com\/it\/wp-json\/wp\/v2\/types\/page"}],"author":[{"embeddable":true,"href":"https:\/\/smartgamification.com\/it\/wp-json\/wp\/v2\/users\/1"}],"replies":[{"embeddable":true,"href":"https:\/\/smartgamification.com\/it\/wp-json\/wp\/v2\/comments?post=486"}],"version-history":[{"count":0,"href":"https:\/\/smartgamification.com\/it\/wp-json\/wp\/v2\/pages\/486\/revisions"}],"wp:attachment":[{"href":"https:\/\/smartgamification.com\/it\/wp-json\/wp\/v2\/media?parent=486"}],"curies":[{"name":"wp","href":"https:\/\/api.w.org\/{rel}","templated":true}]}}